{"id":1168,"date":"2025-08-22T19:10:23","date_gmt":"2025-08-22T19:10:23","guid":{"rendered":"https:\/\/themediabees.pt\/?page_id=1168"},"modified":"2025-08-22T19:14:04","modified_gmt":"2025-08-22T19:14:04","slug":"social-media-villas-duma","status":"publish","type":"page","link":"https:\/\/themediabees.pt\/en\/social-media-villas-duma\/","title":{"rendered":"Social media Villas Duma"},"content":{"rendered":"<div data-elementor-type=\"wp-page\" data-elementor-id=\"1168\" class=\"elementor elementor-1168\" data-elementor-post-type=\"page\">\n\t\t\t\t<div class=\"elementor-element elementor-element-5e481962 e-flex e-con-boxed e-con e-parent\" data-id=\"5e481962\" data-element_type=\"container\" data-e-type=\"container\" data-settings=\"{&quot;background_background&quot;:&quot;classic&quot;}\">\n\t\t\t\t\t<div class=\"e-con-inner\">\n\t\t<div class=\"elementor-element elementor-element-0f7e472 e-flex e-con-boxed e-con e-child\" data-id=\"0f7e472\" data-element_type=\"container\" data-e-type=\"container\">\n\t\t\t\t\t<div class=\"e-con-inner\">\n\t\t\t\t<div class=\"elementor-element elementor-element-7b28a7c elementor-widget elementor-widget-heading\" data-id=\"7b28a7c\" data-element_type=\"widget\" data-e-type=\"widget\" data-widget_type=\"heading.default\">\n\t\t\t\t\t<h1 class=\"elementor-heading-title elementor-size-default\">Social media<\/h1>\t\t\t\t<\/div>\n\t\t\t\t<div class=\"elementor-element elementor-element-993ce3d elementor-widget elementor-widget-heading\" data-id=\"993ce3d\" data-element_type=\"widget\" data-e-type=\"widget\" data-widget_type=\"heading.default\">\n\t\t\t\t\t<h2 class=\"elementor-heading-title elementor-size-default\">Villas Duma<\/h2>\t\t\t\t<\/div>\n\t\t\t\t\t<\/div>\n\t\t\t\t<\/div>\n\t\t\t\t\t<\/div>\n\t\t\t\t<\/div>\n\t\t<div class=\"elementor-element elementor-element-c07f09b e-flex e-con-boxed e-con e-parent\" data-id=\"c07f09b\" data-element_type=\"container\" data-e-type=\"container\">\n\t\t\t\t\t<div class=\"e-con-inner\">\n\t\t<div class=\"elementor-element elementor-element-1ae86bf e-con-full e-flex e-con e-child\" data-id=\"1ae86bf\" data-element_type=\"container\" data-e-type=\"container\">\n\t\t\t\t<div class=\"elementor-element elementor-element-75ac995 elementor-widget elementor-widget-image-box\" data-id=\"75ac995\" data-element_type=\"widget\" data-e-type=\"widget\" data-widget_type=\"image-box.default\">\n\t\t\t\t\t<div class=\"elementor-image-box-wrapper\"><div class=\"elementor-image-box-content\"><h3 class=\"elementor-image-box-title\">Location<\/h3><p class=\"elementor-image-box-description\">Portugal<\/p><\/div><\/div>\t\t\t\t<\/div>\n\t\t\t\t<div class=\"elementor-element elementor-element-134eb2f elementor-widget elementor-widget-image-box\" data-id=\"134eb2f\" data-element_type=\"widget\" data-e-type=\"widget\" data-widget_type=\"image-box.default\">\n\t\t\t\t\t<div class=\"elementor-image-box-wrapper\"><div class=\"elementor-image-box-content\"><h3 class=\"elementor-image-box-title\">Industry<\/h3><p class=\"elementor-image-box-description\">Guest Accommodation<\/p><\/div><\/div>\t\t\t\t<\/div>\n\t\t\t\t<div class=\"elementor-element elementor-element-8c7f5bd elementor-widget elementor-widget-image-box\" data-id=\"8c7f5bd\" data-element_type=\"widget\" data-e-type=\"widget\" data-widget_type=\"image-box.default\">\n\t\t\t\t\t<div class=\"elementor-image-box-wrapper\"><div class=\"elementor-image-box-content\"><h3 class=\"elementor-image-box-title\">Services<\/h3><p class=\"elementor-image-box-description\">Social Networks<\/p><\/div><\/div>\t\t\t\t<\/div>\n\t\t\t\t<div class=\"elementor-element elementor-element-c6695cb elementor-widget elementor-widget-image-box\" data-id=\"c6695cb\" data-element_type=\"widget\" data-e-type=\"widget\" data-widget_type=\"image-box.default\">\n\t\t\t\t\t<div class=\"elementor-image-box-wrapper\"><div class=\"elementor-image-box-content\"><h3 class=\"elementor-image-box-title\">Time<\/h3><p class=\"elementor-image-box-description\">2 Months<\/p><\/div><\/div>\t\t\t\t<\/div>\n\t\t\t\t<\/div>\n\t\t\t\t\t<\/div>\n\t\t\t\t<\/div>\n\t\t<div class=\"elementor-element elementor-element-cf2f8f3 e-con-full e-flex e-con e-parent\" data-id=\"cf2f8f3\" data-element_type=\"container\" data-e-type=\"container\">\n\t\t<div class=\"elementor-element elementor-element-61c786b e-con-full e-flex e-con e-child\" data-id=\"61c786b\" data-element_type=\"container\" data-e-type=\"container\" data-settings=\"{&quot;background_background&quot;:&quot;classic&quot;}\">\n\t\t<div class=\"elementor-element elementor-element-2829cd8 e-con-full e-flex e-con e-child\" data-id=\"2829cd8\" data-element_type=\"container\" data-e-type=\"container\">\n\t\t\t\t<div class=\"elementor-element elementor-element-60e852b elementor-widget__width-initial elementor-widget elementor-widget-heading\" data-id=\"60e852b\" data-element_type=\"widget\" data-e-type=\"widget\" data-widget_type=\"heading.default\">\n\t\t\t\t\t<h4 class=\"elementor-heading-title elementor-size-default\">COLOUR PALETTE<\/h4>\t\t\t\t<\/div>\n\t\t\t\t<\/div>\n\t\t<div class=\"elementor-element elementor-element-8e451cb e-con-full e-flex e-con e-child\" data-id=\"8e451cb\" data-element_type=\"container\" data-e-type=\"container\">\n\t\t<div class=\"elementor-element elementor-element-b64b4ac e-con-full e-flex e-con e-child\" data-id=\"b64b4ac\" data-element_type=\"container\" data-e-type=\"container\" data-settings=\"{&quot;background_background&quot;:&quot;classic&quot;}\">\n\t\t\t\t<div class=\"elementor-element elementor-element-09a3a10 elementor-widget elementor-widget-heading\" data-id=\"09a3a10\" data-element_type=\"widget\" data-e-type=\"widget\" data-widget_type=\"heading.default\">\n\t\t\t\t\t<span class=\"elementor-heading-title elementor-size-default\">HEX: #FFFFFF<\/span>\t\t\t\t<\/div>\n\t\t\t\t<\/div>\n\t\t<div class=\"elementor-element elementor-element-ca060c8 e-con-full e-flex e-con e-child\" data-id=\"ca060c8\" data-element_type=\"container\" data-e-type=\"container\" data-settings=\"{&quot;background_background&quot;:&quot;classic&quot;}\">\n\t\t\t\t<div class=\"elementor-element elementor-element-88854ae elementor-widget elementor-widget-heading\" data-id=\"88854ae\" data-element_type=\"widget\" data-e-type=\"widget\" data-widget_type=\"heading.default\">\n\t\t\t\t\t<span class=\"elementor-heading-title elementor-size-default\">HEX: #04718e<\/span>\t\t\t\t<\/div>\n\t\t\t\t<\/div>\n\t\t<div class=\"elementor-element elementor-element-5c100d6 e-con-full e-flex e-con e-child\" data-id=\"5c100d6\" data-element_type=\"container\" data-e-type=\"container\" data-settings=\"{&quot;background_background&quot;:&quot;classic&quot;}\">\n\t\t\t\t<div class=\"elementor-element elementor-element-229575b elementor-widget elementor-widget-heading\" data-id=\"229575b\" data-element_type=\"widget\" data-e-type=\"widget\" data-widget_type=\"heading.default\">\n\t\t\t\t\t<span class=\"elementor-heading-title elementor-size-default\">HEX: #CEA271<\/span>\t\t\t\t<\/div>\n\t\t\t\t<\/div>\n\t\t\t\t<\/div>\n\t\t\t\t<\/div>\n\t\t<div class=\"elementor-element elementor-element-abfc3e1 e-con-full e-flex e-con e-child\" data-id=\"abfc3e1\" data-element_type=\"container\" data-e-type=\"container\" data-settings=\"{&quot;background_background&quot;:&quot;classic&quot;}\">\n\t\t\t\t<div class=\"elementor-element elementor-element-395ceb5 elementor-widget elementor-widget-image\" data-id=\"395ceb5\" data-element_type=\"widget\" data-e-type=\"widget\" data-widget_type=\"image.default\">\n\t\t\t\t\t\t\t\t\t\t\t\t\t\t\t<img fetchpriority=\"high\" decoding=\"async\" width=\"2082\" height=\"1482\" src=\"https:\/\/themediabees.pt\/wp-content\/uploads\/2025\/08\/img-vilas-0101.webp\" class=\"attachment-full size-full wp-image-1172\" alt=\"\" srcset=\"https:\/\/themediabees.pt\/wp-content\/uploads\/2025\/08\/img-vilas-0101.webp 2082w, https:\/\/themediabees.pt\/wp-content\/uploads\/2025\/08\/img-vilas-0101-300x214.webp 300w, https:\/\/themediabees.pt\/wp-content\/uploads\/2025\/08\/img-vilas-0101-1024x729.webp 1024w, https:\/\/themediabees.pt\/wp-content\/uploads\/2025\/08\/img-vilas-0101-768x547.webp 768w, https:\/\/themediabees.pt\/wp-content\/uploads\/2025\/08\/img-vilas-0101-1536x1093.webp 1536w, https:\/\/themediabees.pt\/wp-content\/uploads\/2025\/08\/img-vilas-0101-2048x1458.webp 2048w\" sizes=\"(max-width: 2082px) 100vw, 2082px\" \/>\t\t\t\t\t\t\t\t\t\t\t\t\t\t\t<\/div>\n\t\t\t\t<\/div>\n\t\t\t\t<\/div>\n\t\t<div class=\"elementor-element elementor-element-dc87f60 e-con-full e-flex e-con e-parent\" data-id=\"dc87f60\" data-element_type=\"container\" data-e-type=\"container\">\n\t\t<div class=\"elementor-element elementor-element-012f066 e-flex e-con-boxed e-con e-child\" data-id=\"012f066\" data-element_type=\"container\" data-e-type=\"container\">\n\t\t\t\t\t<div class=\"e-con-inner\">\n\t\t\t\t<div class=\"elementor-element elementor-element-15d7bcd elementor-widget__width-inherit elementor-widget elementor-widget-image\" data-id=\"15d7bcd\" data-element_type=\"widget\" data-e-type=\"widget\" data-widget_type=\"image.default\">\n\t\t\t\t\t\t\t\t\t\t\t\t\t\t\t<img decoding=\"async\" width=\"2238\" height=\"1818\" src=\"https:\/\/themediabees.pt\/wp-content\/uploads\/2025\/08\/villas-2-img.webp\" class=\"attachment-full size-full wp-image-1171\" alt=\"\" srcset=\"https:\/\/themediabees.pt\/wp-content\/uploads\/2025\/08\/villas-2-img.webp 2238w, https:\/\/themediabees.pt\/wp-content\/uploads\/2025\/08\/villas-2-img-300x244.webp 300w, https:\/\/themediabees.pt\/wp-content\/uploads\/2025\/08\/villas-2-img-1024x832.webp 1024w, https:\/\/themediabees.pt\/wp-content\/uploads\/2025\/08\/villas-2-img-768x624.webp 768w, https:\/\/themediabees.pt\/wp-content\/uploads\/2025\/08\/villas-2-img-1536x1248.webp 1536w, https:\/\/themediabees.pt\/wp-content\/uploads\/2025\/08\/villas-2-img-2048x1664.webp 2048w\" sizes=\"(max-width: 2238px) 100vw, 2238px\" \/>\t\t\t\t\t\t\t\t\t\t\t\t\t\t\t<\/div>\n\t\t\t\t<div class=\"elementor-element elementor-element-89dc6f9 elementor-widget__width-inherit elementor-widget elementor-widget-image\" data-id=\"89dc6f9\" data-element_type=\"widget\" data-e-type=\"widget\" data-widget_type=\"image.default\">\n\t\t\t\t\t\t\t\t\t\t\t\t\t\t\t<img decoding=\"async\" width=\"2082\" height=\"1818\" src=\"https:\/\/themediabees.pt\/wp-content\/uploads\/2025\/08\/00-1-result-vilas.webp\" class=\"attachment-full size-full wp-image-1174\" alt=\"\" srcset=\"https:\/\/themediabees.pt\/wp-content\/uploads\/2025\/08\/00-1-result-vilas.webp 2082w, https:\/\/themediabees.pt\/wp-content\/uploads\/2025\/08\/00-1-result-vilas-300x262.webp 300w, https:\/\/themediabees.pt\/wp-content\/uploads\/2025\/08\/00-1-result-vilas-1024x894.webp 1024w, https:\/\/themediabees.pt\/wp-content\/uploads\/2025\/08\/00-1-result-vilas-768x671.webp 768w, https:\/\/themediabees.pt\/wp-content\/uploads\/2025\/08\/00-1-result-vilas-1536x1341.webp 1536w, https:\/\/themediabees.pt\/wp-content\/uploads\/2025\/08\/00-1-result-vilas-2048x1788.webp 2048w\" sizes=\"(max-width: 2082px) 100vw, 2082px\" \/>\t\t\t\t\t\t\t\t\t\t\t\t\t\t\t<\/div>\n\t\t\t\t\t<\/div>\n\t\t\t\t<\/div>\n\t\t\t\t<\/div>\n\t\t<div class=\"elementor-element elementor-element-b564e77 e-con-full e-flex e-con e-parent\" data-id=\"b564e77\" data-element_type=\"container\" data-e-type=\"container\" data-settings=\"{&quot;background_background&quot;:&quot;classic&quot;}\">\n\t\t\t\t<\/div>\n\t\t<div class=\"elementor-element elementor-element-522b026 e-flex e-con-boxed e-con e-parent\" data-id=\"522b026\" data-element_type=\"container\" data-e-type=\"container\">\n\t\t\t\t\t<div class=\"e-con-inner\">\n\t\t<div class=\"elementor-element elementor-element-57a9649 e-con-full e-flex e-con e-child\" data-id=\"57a9649\" data-element_type=\"container\" data-e-type=\"container\" data-settings=\"{&quot;background_background&quot;:&quot;classic&quot;}\">\n\t\t<div class=\"elementor-element elementor-element-2d1bec5 e-con-full e-flex e-con e-child\" data-id=\"2d1bec5\" data-element_type=\"container\" data-e-type=\"container\">\n\t\t<div class=\"elementor-element elementor-element-43e2367 e-con-full e-flex e-con e-child\" data-id=\"43e2367\" data-element_type=\"container\" data-e-type=\"container\">\n\t\t\t\t<div class=\"elementor-element elementor-element-93b8b3f elementor-widget elementor-widget-image-box\" data-id=\"93b8b3f\" data-element_type=\"widget\" data-e-type=\"widget\" data-widget_type=\"image-box.default\">\n\t\t\t\t\t<div class=\"elementor-image-box-wrapper\"><div class=\"elementor-image-box-content\"><h3 class=\"elementor-image-box-title\">Contact:<\/h3><p class=\"elementor-image-box-description\">+351 910 027 244<\/p><\/div><\/div>\t\t\t\t<\/div>\n\t\t\t\t<div class=\"elementor-element elementor-element-b2c746c elementor-widget elementor-widget-image-box\" data-id=\"b2c746c\" data-element_type=\"widget\" data-e-type=\"widget\" data-widget_type=\"image-box.default\">\n\t\t\t\t\t<div class=\"elementor-image-box-wrapper\"><div class=\"elementor-image-box-content\"><h3 class=\"elementor-image-box-title\">E-mail:<\/h3><p class=\"elementor-image-box-description\">info@themediabees.com<\/p><\/div><\/div>\t\t\t\t<\/div>\n\t\t\t\t<div class=\"elementor-element elementor-element-fcc3d3b elementor-widget elementor-widget-image-box\" data-id=\"fcc3d3b\" data-element_type=\"widget\" data-e-type=\"widget\" data-widget_type=\"image-box.default\">\n\t\t\t\t\t<div class=\"elementor-image-box-wrapper\"><div class=\"elementor-image-box-content\"><h3 class=\"elementor-image-box-title\">Location:<\/h3><p class=\"elementor-image-box-description\">Portugal and its surroundings. We're digital.<\/p><\/div><\/div>\t\t\t\t<\/div>\n\t\t\t\t<\/div>\n\t\t<div class=\"elementor-element elementor-element-98fac5a e-con-full e-flex e-con e-child\" data-id=\"98fac5a\" data-element_type=\"container\" data-e-type=\"container\">\n\t\t\t\t<div class=\"elementor-element elementor-element-515c366 elementor-widget elementor-widget-heading\" data-id=\"515c366\" data-element_type=\"widget\" data-e-type=\"widget\" data-widget_type=\"heading.default\">\n\t\t\t\t\t<span class=\"elementor-heading-title elementor-size-default\">\u25cf What about you?<\/span>\t\t\t\t<\/div>\n\t\t\t\t<div class=\"elementor-element elementor-element-fe4df46 elementor-widget elementor-widget-heading\" data-id=\"fe4df46\" data-element_type=\"widget\" data-e-type=\"widget\" data-widget_type=\"heading.default\">\n\t\t\t\t\t<h4 class=\"elementor-heading-title elementor-size-default\">If your business is good, but you're stuck offline, it's time for a change.<\/h4>\t\t\t\t<\/div>\n\t\t\t\t<div class=\"elementor-element elementor-element-ece9f68 elementor-widget elementor-widget-text-editor\" data-id=\"ece9f68\" data-element_type=\"widget\" data-e-type=\"widget\" data-widget_type=\"text-editor.default\">\n\t\t\t\t\t\t\t\t\t<p>Look at the right package to take that strategic step.<\/p>\t\t\t\t\t\t\t\t<\/div>\n\t\t\t\t<div class=\"elementor-element elementor-element-b444d54 elementor-align-justify elementor-widget__width-initial elementor-widget-mobile__width-inherit elementor-widget elementor-widget-button\" data-id=\"b444d54\" data-element_type=\"widget\" data-e-type=\"widget\" data-widget_type=\"button.default\">\n\t\t\t\t\t\t\t\t\t\t<a class=\"elementor-button elementor-button-link elementor-size-sm\" href=\"https:\/\/themediabees.pt\/en\/contact\/\">\n\t\t\t\t\t\t<span class=\"elementor-button-content-wrapper\">\n\t\t\t\t\t\t<span class=\"elementor-button-icon\">\n\t\t\t\t<svg xmlns=\"http:\/\/www.w3.org\/2000\/svg\" width=\"14\" height=\"14\" viewbox=\"0 0 14 14\" fill=\"none\"><path d=\"M2 2H12V12\" stroke=\"#31313E\" stroke-width=\"2\" stroke-linecap=\"round\" stroke-linejoin=\"round\"><\/path><path d=\"M2 12L12 2\" stroke=\"#31313E\" stroke-width=\"2\" stroke-linecap=\"round\" stroke-linejoin=\"round\"><\/path><\/svg>\t\t\t<\/span>\n\t\t\t\t\t\t\t\t\t<span class=\"elementor-button-text\">Talk to us<\/span>\n\t\t\t\t\t<\/span>\n\t\t\t\t\t<\/a>\n\t\t\t\t\t\t\t\t<\/div>\n\t\t\t\t<\/div>\n\t\t<div class=\"elementor-element elementor-element-1ce6c48 e-con-full e-flex e-con e-child\" data-id=\"1ce6c48\" data-element_type=\"container\" data-e-type=\"container\">\n\t\t\t\t<div class=\"elementor-element elementor-element-bad3ec2 elementor-widget elementor-widget-image-box\" data-id=\"bad3ec2\" data-element_type=\"widget\" data-e-type=\"widget\" data-widget_type=\"image-box.default\">\n\t\t\t\t\t<div class=\"elementor-image-box-wrapper\"><div class=\"elementor-image-box-content\"><h3 class=\"elementor-image-box-title\">The Media Bees<\/h3><p class=\"elementor-image-box-description\">\u00a9 2020 - 2025<\/p><\/div><\/div>\t\t\t\t<\/div>\n\t\t\t\t<\/div>\n\t\t\t\t<\/div>\n\t\t\t\t<\/div>\n\t\t\t\t\t<\/div>\n\t\t\t\t<\/div>\n\t\t\t\t<\/div>","protected":false},"excerpt":{"rendered":"<p>Social media Villas Duma Localidade Portugal Ind\u00fastria Hospedagem de Hospedes Servi\u00e7os Redes Sociais Tempo 2 Meses PALETA DE CORES HEX: #FFFFFF HEX: #04718e HEX: #CEA271 Contact: +351 910 027 244 E-mail: info@themediabees.com Localidade: Portugal e arredores. Somos digitais. \u25cf E tu? Se o teu neg\u00f3cio \u00e9 bom, mas est\u00e1 preso ao offline est\u00e1 na hora [&hellip;]<\/p>\n","protected":false},"author":1,"featured_media":0,"parent":0,"menu_order":0,"comment_status":"closed","ping_status":"closed","template":"elementor_header_footer","meta":{"inline_featured_image":false,"footnotes":""},"class_list":["post-1168","page","type-page","status-publish","hentry"],"_links":{"self":[{"href":"https:\/\/themediabees.pt\/en\/wp-json\/wp\/v2\/pages\/1168","targetHints":{"allow":["GET"]}}],"collection":[{"href":"https:\/\/themediabees.pt\/en\/wp-json\/wp\/v2\/pages"}],"about":[{"href":"https:\/\/themediabees.pt\/en\/wp-json\/wp\/v2\/types\/page"}],"author":[{"embeddable":true,"href":"https:\/\/themediabees.pt\/en\/wp-json\/wp\/v2\/users\/1"}],"replies":[{"embeddable":true,"href":"https:\/\/themediabees.pt\/en\/wp-json\/wp\/v2\/comments?post=1168"}],"version-history":[{"count":7,"href":"https:\/\/themediabees.pt\/en\/wp-json\/wp\/v2\/pages\/1168\/revisions"}],"predecessor-version":[{"id":1180,"href":"https:\/\/themediabees.pt\/en\/wp-json\/wp\/v2\/pages\/1168\/revisions\/1180"}],"wp:attachment":[{"href":"https:\/\/themediabees.pt\/en\/wp-json\/wp\/v2\/media?parent=1168"}],"curies":[{"name":"wp","href":"https:\/\/api.w.org\/{rel}","templated":true}]}}