{"id":587,"date":"2025-08-07T15:38:05","date_gmt":"2025-08-07T15:38:05","guid":{"rendered":"https:\/\/themediabees.pt\/?page_id=587"},"modified":"2025-08-07T17:02:21","modified_gmt":"2025-08-07T17:02:21","slug":"thank-you","status":"publish","type":"page","link":"https:\/\/themediabees.pt\/en\/obrigada\/","title":{"rendered":"Obrigada"},"content":{"rendered":"<div data-elementor-type=\"wp-page\" data-elementor-id=\"587\" class=\"elementor elementor-587\" data-elementor-post-type=\"page\">\n\t\t\t\t<main class=\"elementor-element elementor-element-1e1d787 e-flex e-con-boxed e-con e-parent\" data-id=\"1e1d787\" data-element_type=\"container\" data-e-type=\"container\" data-settings=\"{&quot;background_background&quot;:&quot;classic&quot;}\">\n\t\t\t\t\t<div class=\"e-con-inner\">\n\t\t<div class=\"elementor-element elementor-element-6e53abb e-con-full e-flex e-con e-child\" data-id=\"6e53abb\" data-element_type=\"container\" data-e-type=\"container\">\n\t\t\t\t<div class=\"elementor-element elementor-element-3d6c529 elementor-widget__width-initial elementor-widget elementor-widget-heading\" data-id=\"3d6c529\" data-element_type=\"widget\" data-e-type=\"widget\" data-widget_type=\"heading.default\">\n\t\t\t\t\t<h1 class=\"elementor-heading-title elementor-size-default\">Thank you! Your message flew straight onto our radar.<\/h1>\t\t\t\t<\/div>\n\t\t\t\t<div class=\"elementor-element elementor-element-d8bda51 elementor-widget__width-initial elementor-widget elementor-widget-text-editor\" data-id=\"d8bda51\" data-element_type=\"widget\" data-e-type=\"widget\" data-widget_type=\"text-editor.default\">\n\t\t\t\t\t\t\t\t\t<p>Your message has reached us and we're already analysing how we can unlock your potential and make your brand shine.<\/p>\t\t\t\t\t\t\t\t<\/div>\n\t\t\t\t<\/div>\n\t\t\t\t\t<\/div>\n\t\t\t\t<\/main>\n\t\t<div class=\"elementor-element elementor-element-b46875e e-flex e-con-boxed e-con e-parent\" data-id=\"b46875e\" data-element_type=\"container\" data-e-type=\"container\" data-settings=\"{&quot;background_background&quot;:&quot;classic&quot;}\">\n\t\t\t\t\t<div class=\"e-con-inner\">\n\t\t<div class=\"elementor-element elementor-element-3223c83 e-con-full e-flex e-con e-child\" data-id=\"3223c83\" data-element_type=\"container\" data-e-type=\"container\">\n\t\t\t\t<div class=\"elementor-element elementor-element-c8a1f31 elementor-position-left elementor-vertical-align-middle elementor-widget elementor-widget-image-box\" data-id=\"c8a1f31\" data-element_type=\"widget\" data-e-type=\"widget\" data-widget_type=\"image-box.default\">\n\t\t\t\t\t<div class=\"elementor-image-box-wrapper\"><figure class=\"elementor-image-box-img\"><img decoding=\"async\" width=\"41\" height=\"40\" src=\"https:\/\/themediabees.pt\/wp-content\/uploads\/2025\/08\/01-icon-obg.svg\" class=\"attachment-full size-full wp-image-597\" alt=\"\" \/><\/figure><div class=\"elementor-image-box-content\"><h3 class=\"elementor-image-box-title\">Immediate confirmation:<\/h3><\/div><\/div>\t\t\t\t<\/div>\n\t\t\t\t<div class=\"elementor-element elementor-element-d206f85 elementor-widget elementor-widget-text-editor\" data-id=\"d206f85\" data-element_type=\"widget\" data-e-type=\"widget\" data-widget_type=\"text-editor.default\">\n\t\t\t\t\t\t\t\t\t<p>You'll receive an email from us in the next few minutes confirming receipt of your message. Check your inbox (and spam, just in case!).<\/p>\t\t\t\t\t\t\t\t<\/div>\n\t\t\t\t<\/div>\n\t\t<div class=\"elementor-element elementor-element-e136df4 e-con-full e-flex e-con e-child\" data-id=\"e136df4\" data-element_type=\"container\" data-e-type=\"container\">\n\t\t\t\t<div class=\"elementor-element elementor-element-32329f7 elementor-position-left elementor-vertical-align-middle elementor-widget elementor-widget-image-box\" data-id=\"32329f7\" data-element_type=\"widget\" data-e-type=\"widget\" data-widget_type=\"image-box.default\">\n\t\t\t\t\t<div class=\"elementor-image-box-wrapper\"><figure class=\"elementor-image-box-img\"><img decoding=\"async\" width=\"41\" height=\"40\" src=\"https:\/\/themediabees.pt\/wp-content\/uploads\/2025\/08\/02-icon-obg.svg\" class=\"attachment-full size-full wp-image-596\" alt=\"\" \/><\/figure><div class=\"elementor-image-box-content\"><h3 class=\"elementor-image-box-title\">Strategic analysis:<\/h3><\/div><\/div>\t\t\t\t<\/div>\n\t\t\t\t<div class=\"elementor-element elementor-element-b211b0c elementor-widget elementor-widget-text-editor\" data-id=\"b211b0c\" data-element_type=\"widget\" data-e-type=\"widget\" data-widget_type=\"text-editor.default\">\n\t\t\t\t\t\t\t\t\t<p>Our team of experts is already delving into the details you've provided to understand your vision and your challenges. We're preparing the ground for your revolution<\/p>\t\t\t\t\t\t\t\t<\/div>\n\t\t\t\t<\/div>\n\t\t<div class=\"elementor-element elementor-element-ae0f877 e-con-full e-flex e-con e-child\" data-id=\"ae0f877\" data-element_type=\"container\" data-e-type=\"container\">\n\t\t\t\t<div class=\"elementor-element elementor-element-f54a49f elementor-position-left elementor-vertical-align-middle elementor-widget elementor-widget-image-box\" data-id=\"f54a49f\" data-element_type=\"widget\" data-e-type=\"widget\" data-widget_type=\"image-box.default\">\n\t\t\t\t\t<div class=\"elementor-image-box-wrapper\"><figure class=\"elementor-image-box-img\"><img decoding=\"async\" width=\"41\" height=\"40\" src=\"https:\/\/themediabees.pt\/wp-content\/uploads\/2025\/08\/03-icon-obg.svg\" class=\"attachment-full size-full wp-image-595\" alt=\"\" \/><\/figure><div class=\"elementor-image-box-content\"><h3 class=\"elementor-image-box-title\">Personalised contact:<\/h3><\/div><\/div>\t\t\t\t<\/div>\n\t\t\t\t<div class=\"elementor-element elementor-element-f3bed95 elementor-widget elementor-widget-text-editor\" data-id=\"f3bed95\" data-element_type=\"widget\" data-e-type=\"widget\" data-widget_type=\"text-editor.default\">\n\t\t\t\t\t\t\t\t\t<p>One of our strategists will contact you shortly to arrange a conversation. That's when we'll take a closer look at your objectives and present you with the solutions that will free you from price competition.<\/p>\t\t\t\t\t\t\t\t<\/div>\n\t\t\t\t<\/div>\n\t\t\t\t\t<\/div>\n\t\t\t\t<\/div>\n\t\t<div class=\"elementor-element elementor-element-19885ee e-flex e-con-boxed e-con e-parent\" data-id=\"19885ee\" data-element_type=\"container\" data-e-type=\"container\">\n\t\t\t\t\t<div class=\"e-con-inner\">\n\t\t<div class=\"elementor-element elementor-element-a66aa01 e-con-full e-flex e-con e-child\" data-id=\"a66aa01\" data-element_type=\"container\" data-e-type=\"container\">\n\t\t\t\t<div class=\"elementor-element elementor-element-dcf102c elementor-widget elementor-widget-image\" data-id=\"dcf102c\" data-element_type=\"widget\" data-e-type=\"widget\" data-widget_type=\"image.default\">\n\t\t\t\t\t\t\t\t\t\t\t\t\t\t\t<img loading=\"lazy\" decoding=\"async\" width=\"64\" height=\"64\" src=\"https:\/\/themediabees.pt\/wp-content\/uploads\/2025\/07\/icon-sobre.svg\" class=\"attachment-full size-full wp-image-321\" alt=\"\" \/>\t\t\t\t\t\t\t\t\t\t\t\t\t\t\t<\/div>\n\t\t\t\t<div class=\"elementor-element elementor-element-293d56a elementor-widget__width-initial elementor-widget elementor-widget-heading\" data-id=\"293d56a\" data-element_type=\"widget\" data-e-type=\"widget\" data-widget_type=\"heading.default\">\n\t\t\t\t\t<h1 class=\"elementor-heading-title elementor-size-default\">Your future starts now. We're with you every step of the way. <span class=\"tag2\">We're looking forward to starting this journey with you! <\/span>\n\n<\/h1>\t\t\t\t<\/div>\n\t\t\t\t<div class=\"elementor-element elementor-element-09f44df elementor-position-left elementor-vertical-align-middle elementor-vertical-align-top elementor-widget elementor-widget-image-box\" data-id=\"09f44df\" data-element_type=\"widget\" data-e-type=\"widget\" data-widget_type=\"image-box.default\">\n\t\t\t\t\t<div class=\"elementor-image-box-wrapper\"><figure class=\"elementor-image-box-img\"><img loading=\"lazy\" decoding=\"async\" width=\"171\" height=\"171\" src=\"https:\/\/themediabees.pt\/wp-content\/uploads\/2025\/07\/selo-andreia.webp\" class=\"attachment-full size-full wp-image-322\" alt=\"\" srcset=\"https:\/\/themediabees.pt\/wp-content\/uploads\/2025\/07\/selo-andreia.webp 171w, https:\/\/themediabees.pt\/wp-content\/uploads\/2025\/07\/selo-andreia-150x150.webp 150w\" sizes=\"(max-width: 171px) 100vw, 171px\" \/><\/figure><div class=\"elementor-image-box-content\"><h3 class=\"elementor-image-box-title\">Andreia Ramos<\/h3><p class=\"elementor-image-box-description\">Founder TMB<\/p><\/div><\/div>\t\t\t\t<\/div>\n\t\t\t\t<\/div>\n\t\t\t\t\t<\/div>\n\t\t\t\t<\/div>\n\t\t\t\t<\/div>","protected":false},"excerpt":{"rendered":"<p>Obrigado! A tua mensagem voou direta para o nosso radar. A tua mensagem chegou at\u00e9 n\u00f3s e j\u00e1 estamos a analisar como podemos desbloquear o teu potencial e fazer a tua marca brilhar. Confirma\u00e7\u00e3o imediata: Receber\u00e1s um email nosso nos pr\u00f3ximos minutos a confirmar a rece\u00e7\u00e3o da tua mensagem. Verifica a tua caixa de entrada [&hellip;]<\/p>\n","protected":false},"author":1,"featured_media":0,"parent":0,"menu_order":0,"comment_status":"closed","ping_status":"closed","template":"elementor_header_footer","meta":{"inline_featured_image":false,"footnotes":""},"class_list":["post-587","page","type-page","status-publish","hentry"],"_links":{"self":[{"href":"https:\/\/themediabees.pt\/en\/wp-json\/wp\/v2\/pages\/587","targetHints":{"allow":["GET"]}}],"collection":[{"href":"https:\/\/themediabees.pt\/en\/wp-json\/wp\/v2\/pages"}],"about":[{"href":"https:\/\/themediabees.pt\/en\/wp-json\/wp\/v2\/types\/page"}],"author":[{"embeddable":true,"href":"https:\/\/themediabees.pt\/en\/wp-json\/wp\/v2\/users\/1"}],"replies":[{"embeddable":true,"href":"https:\/\/themediabees.pt\/en\/wp-json\/wp\/v2\/comments?post=587"}],"version-history":[{"count":22,"href":"https:\/\/themediabees.pt\/en\/wp-json\/wp\/v2\/pages\/587\/revisions"}],"predecessor-version":[{"id":701,"href":"https:\/\/themediabees.pt\/en\/wp-json\/wp\/v2\/pages\/587\/revisions\/701"}],"wp:attachment":[{"href":"https:\/\/themediabees.pt\/en\/wp-json\/wp\/v2\/media?parent=587"}],"curies":[{"name":"wp","href":"https:\/\/api.w.org\/{rel}","templated":true}]}}