{"id":755,"date":"2025-08-07T17:46:26","date_gmt":"2025-08-07T17:46:26","guid":{"rendered":"https:\/\/themediabees.pt\/?page_id=755"},"modified":"2025-09-09T14:20:07","modified_gmt":"2025-09-09T14:20:07","slug":"cookie-policy","status":"publish","type":"page","link":"https:\/\/themediabees.pt\/en\/politica-de-cookies\/","title":{"rendered":"Cookie Policy"},"content":{"rendered":"<div data-elementor-type=\"wp-page\" data-elementor-id=\"755\" class=\"elementor elementor-755\" data-elementor-post-type=\"page\">\n\t\t\t\t<div class=\"elementor-element elementor-element-77b91e5 e-flex e-con-boxed e-con e-parent\" data-id=\"77b91e5\" data-element_type=\"container\" data-e-type=\"container\">\n\t\t\t\t\t<div class=\"e-con-inner\">\n\t\t<div class=\"elementor-element elementor-element-bc37d0f e-con-full e-flex e-con e-child\" data-id=\"bc37d0f\" data-element_type=\"container\" data-e-type=\"container\">\n\t\t\t\t<div class=\"elementor-element elementor-element-256626d elementor-widget elementor-widget-heading\" data-id=\"256626d\" data-element_type=\"widget\" data-e-type=\"widget\" data-widget_type=\"heading.default\">\n\t\t\t\t\t<h3 class=\"elementor-heading-title elementor-size-default\">Cookie Policy<\/h3>\t\t\t\t<\/div>\n\t\t\t\t<div class=\"elementor-element elementor-element-df57aad elementor-widget elementor-widget-text-editor\" data-id=\"df57aad\" data-element_type=\"widget\" data-e-type=\"widget\" data-widget_type=\"text-editor.default\">\n\t\t\t\t\t\t\t\t\t<p data-start=\"0\" data-end=\"23\"><strong data-start=\"0\" data-end=\"23\">Cookie Policy<\/strong><\/p><p data-start=\"25\" data-end=\"249\">The brand <strong data-start=\"33\" data-end=\"51\">The Media Bees<\/strong>operated by the company <strong data-start=\"74\" data-end=\"105\">Abelhinhas do Digital, Lda.<\/strong>, with registered office at Estrada da Penha, n\u00ba 150C, 8005-138 Faro, Portugal (NIF 516 691 775), uses cookies on its website <strong data-start=\"220\" data-end=\"243\"><a class=\"\" href=\"https:\/\/themediabees.pt\/en\/\" target=\"_new\" rel=\"noopener\" data-start=\"222\" data-end=\"241\">www.themediabees.pt<\/a><\/strong> to:<\/p><ul data-start=\"251\" data-end=\"377\"><li data-start=\"251\" data-end=\"291\"><p data-start=\"253\" data-end=\"291\">Improving the user experience<\/p><\/li><li data-start=\"292\" data-end=\"325\"><p data-start=\"294\" data-end=\"325\">Analysing browsing patterns<\/p><\/li><li data-start=\"326\" data-end=\"377\"><p data-start=\"328\" data-end=\"377\">Ensure the proper functioning of the platform<\/p><\/li><\/ul><hr data-start=\"379\" data-end=\"382\" \/><p data-start=\"384\" data-end=\"411\">1. What are cookies?<\/p><p data-start=\"412\" data-end=\"567\">Cookies are small text files that websites place on the user's device (computer, smartphone or tablet) when they visit. They allow:<\/p><ul data-start=\"569\" data-end=\"658\"><li data-start=\"569\" data-end=\"615\"><p data-start=\"571\" data-end=\"615\">Recognise the user on a future visit<\/p><\/li><li data-start=\"616\" data-end=\"658\"><p data-start=\"618\" data-end=\"658\">Collect navigation information<\/p><\/li><\/ul><hr data-start=\"660\" data-end=\"663\" \/><p data-start=\"665\" data-end=\"697\">2. Cookie purposes<\/p><p data-start=\"698\" data-end=\"722\">We use cookies to:<\/p><ol data-start=\"724\" data-end=\"1302\"><li data-start=\"724\" data-end=\"844\"><p data-start=\"727\" data-end=\"844\"><strong data-start=\"727\" data-end=\"755\">How the website works<\/strong><br data-start=\"755\" data-end=\"758\" \/>Ensuring the efficient loading and functioning of pages and functionalities.<\/p><\/li><li data-start=\"845\" data-end=\"938\"><p data-start=\"848\" data-end=\"938\"><strong data-start=\"848\" data-end=\"878\">User preferences<\/strong><br data-start=\"878\" data-end=\"881\" \/>Memorise options such as language, location or layout.<\/p><\/li><li data-start=\"939\" data-end=\"1072\"><p data-start=\"942\" data-end=\"1072\"><strong data-start=\"942\" data-end=\"977\">Statistical data and performance<\/strong><br data-start=\"977\" data-end=\"980\" \/>Collect anonymous information about visits, most viewed pages, session time, etc.<\/p><\/li><li data-start=\"1073\" data-end=\"1194\"><p data-start=\"1076\" data-end=\"1194\"><strong data-start=\"1076\" data-end=\"1118\">Personalisation of content and ads<\/strong><br data-start=\"1118\" data-end=\"1121\" \/>Adapt the content and, where applicable, suggest relevant adverts.<\/p><\/li><li data-start=\"1195\" data-end=\"1302\"><p data-start=\"1198\" data-end=\"1302\"><strong data-start=\"1198\" data-end=\"1219\">Continuous improvement<\/strong><br data-start=\"1219\" data-end=\"1222\" \/>Optimise services and functionalities based on browsing behaviour.<\/p><\/li><\/ol><hr data-start=\"1304\" data-end=\"1307\" \/><p data-start=\"1309\" data-end=\"1345\">3. Types of cookies used<\/p><div class=\"_tableWrapper_16hzy_14 group flex w-fit flex-col-reverse\" tabindex=\"-1\"><table class=\"w-fit min-w-(--thread-content-width)\" data-start=\"1347\" data-end=\"2164\"><thead data-start=\"1347\" data-end=\"1483\"><tr data-start=\"1347\" data-end=\"1483\"><th data-start=\"1347\" data-end=\"1380\" data-col-size=\"sm\"><strong data-start=\"1349\" data-end=\"1362\">Category<\/strong><\/th><th data-start=\"1380\" data-end=\"1483\" data-col-size=\"md\"><strong data-start=\"1382\" data-end=\"1395\">Description<\/strong><\/th><\/tr><\/thead><tbody data-start=\"1621\" data-end=\"2164\"><tr data-start=\"1621\" data-end=\"1756\"><td data-start=\"1621\" data-end=\"1654\" data-col-size=\"sm\"><strong data-start=\"1623\" data-end=\"1651\">Strictly necessary<\/strong><\/td><td data-start=\"1654\" data-end=\"1756\" data-col-size=\"md\">Essential for the operation of the website and its basic functionalities.<\/td><\/tr><tr data-start=\"1757\" data-end=\"1892\"><td data-start=\"1757\" data-end=\"1790\" data-col-size=\"sm\"><strong data-start=\"1759\" data-end=\"1773\">Analytical<\/strong><\/td><td data-start=\"1790\" data-end=\"1892\" data-col-size=\"md\">They make it possible to analyse how users use the site (Google Analytics, etc.).<\/td><\/tr><tr data-start=\"1893\" data-end=\"2028\"><td data-start=\"1893\" data-end=\"1926\" data-col-size=\"sm\"><strong data-start=\"1895\" data-end=\"1909\">Functional<\/strong><\/td><td data-start=\"1926\" data-end=\"2028\" data-col-size=\"md\">They store information about preferences (video volumes, language settings, etc.).<\/td><\/tr><tr data-start=\"2029\" data-end=\"2164\"><td data-start=\"2029\" data-end=\"2062\" data-col-size=\"sm\"><strong data-start=\"2031\" data-end=\"2047\">From third parties<\/strong><\/td><td data-start=\"2062\" data-end=\"2164\" data-col-size=\"md\">Defined by external services (e.g. Google Analytics, Facebook Pixel, YouTube, etc.).<\/td><\/tr><\/tbody><\/table><div class=\"sticky end-(--thread-content-margin) h-0 self-end select-none\"><div class=\"absolute end-0 flex items-end\">\u00a0<\/div><\/div><\/div><hr data-start=\"2166\" data-end=\"2169\" \/><p data-start=\"2171\" data-end=\"2211\">4. How to manage or deactivate cookies<\/p><p data-start=\"2212\" data-end=\"2414\">You can set your browser to block or delete cookies. Please note that without cookies, some features of the website may no longer be available or may not function properly.<\/p><ul data-start=\"2416\" data-end=\"2915\"><li data-start=\"2416\" data-end=\"2568\"><p data-start=\"2418\" data-end=\"2437\"><strong data-start=\"2418\" data-end=\"2435\">Google Chrome<\/strong><\/p><ol data-start=\"2440\" data-end=\"2568\"><li data-start=\"2440\" data-end=\"2468\"><p data-start=\"2443\" data-end=\"2468\">Menu \u22ee &gt; <strong data-start=\"2452\" data-end=\"2466\">Definitions<\/strong><\/p><\/li><li data-start=\"2471\" data-end=\"2536\"><p data-start=\"2474\" data-end=\"2536\">Privacy and security &gt; <strong data-start=\"2500\" data-end=\"2534\">Cookies and other site data<\/strong><\/p><\/li><li data-start=\"2539\" data-end=\"2568\"><p data-start=\"2542\" data-end=\"2568\">Manage and delete cookies<\/p><\/li><\/ol><\/li><li data-start=\"2570\" data-end=\"2701\"><p data-start=\"2572\" data-end=\"2593\"><strong data-start=\"2572\" data-end=\"2591\">Mozilla Firefox<\/strong><\/p><ol data-start=\"2596\" data-end=\"2701\"><li data-start=\"2596\" data-end=\"2615\"><p data-start=\"2599\" data-end=\"2615\">\u2630 &gt; <strong data-start=\"2603\" data-end=\"2613\">Options<\/strong><\/p><\/li><li data-start=\"2618\" data-end=\"2677\"><p data-start=\"2621\" data-end=\"2677\">Privacy and Security &gt; <strong data-start=\"2647\" data-end=\"2675\">Cookies and website data<\/strong><\/p><\/li><li data-start=\"2680\" data-end=\"2701\"><p data-start=\"2683\" data-end=\"2701\">Manage permissions<\/p><\/li><\/ol><\/li><li data-start=\"2703\" data-end=\"2798\"><p data-start=\"2705\" data-end=\"2717\"><strong data-start=\"2705\" data-end=\"2715\">Safari<\/strong><\/p><ol data-start=\"2720\" data-end=\"2798\"><li data-start=\"2720\" data-end=\"2750\"><p data-start=\"2723\" data-end=\"2750\">Safari &gt; <strong data-start=\"2732\" data-end=\"2748\">Preferences<\/strong><\/p><\/li><li data-start=\"2753\" data-end=\"2798\"><p data-start=\"2756\" data-end=\"2798\">Privacy &gt; <strong data-start=\"2770\" data-end=\"2796\">Manage website data<\/strong><\/p><\/li><\/ol><\/li><li data-start=\"2800\" data-end=\"2915\"><p data-start=\"2802\" data-end=\"2822\"><strong data-start=\"2802\" data-end=\"2820\">Microsoft Edge<\/strong><\/p><ol data-start=\"2825\" data-end=\"2915\"><li data-start=\"2825\" data-end=\"2848\"><p data-start=\"2828\" data-end=\"2848\">\u22ef &gt; <strong data-start=\"2832\" data-end=\"2846\">Definitions<\/strong><\/p><\/li><li data-start=\"2851\" data-end=\"2915\"><p data-start=\"2854\" data-end=\"2915\">Cookies and site permissions &gt; <strong data-start=\"2885\" data-end=\"2913\">Manage and delete cookies<\/strong><\/p><\/li><\/ol><\/li><\/ul><p data-start=\"2917\" data-end=\"2998\"><em data-start=\"2917\" data-end=\"2998\">(For detailed instructions, consult your browser's official documentation.)<\/em><\/p><hr data-start=\"3000\" data-end=\"3003\" \/><p data-start=\"3005\" data-end=\"3027\">5. Consent<\/p><p data-start=\"3028\" data-end=\"3191\">By continuing to browse our website without changing the cookie settings on your browser, you agree to the use of cookies as described in this Policy.<\/p>\t\t\t\t\t\t\t\t<\/div>\n\t\t\t\t<\/div>\n\t\t\t\t\t<\/div>\n\t\t\t\t<\/div>\n\t\t\t\t<\/div>","protected":false},"excerpt":{"rendered":"<p>Pol\u00edtica de Cookies Pol\u00edtica de Cookies A marca The Media Bees, operada pela empresa Abelhinhas do Digital, Lda., com sede na Estrada da Penha, n\u00ba 150C, 8005-138 Faro, Portugal (NIF 516 691 775), utiliza cookies no seu website www.themediabees.pt para: Melhorar a experi\u00eancia do utilizador Analisar padr\u00f5es de navega\u00e7\u00e3o Garantir o funcionamento adequado da plataforma [&hellip;]<\/p>\n","protected":false},"author":1,"featured_media":0,"parent":0,"menu_order":0,"comment_status":"closed","ping_status":"closed","template":"elementor_header_footer","meta":{"inline_featured_image":false,"footnotes":""},"class_list":["post-755","page","type-page","status-publish","hentry"],"_links":{"self":[{"href":"https:\/\/themediabees.pt\/en\/wp-json\/wp\/v2\/pages\/755","targetHints":{"allow":["GET"]}}],"collection":[{"href":"https:\/\/themediabees.pt\/en\/wp-json\/wp\/v2\/pages"}],"about":[{"href":"https:\/\/themediabees.pt\/en\/wp-json\/wp\/v2\/types\/page"}],"author":[{"embeddable":true,"href":"https:\/\/themediabees.pt\/en\/wp-json\/wp\/v2\/users\/1"}],"replies":[{"embeddable":true,"href":"https:\/\/themediabees.pt\/en\/wp-json\/wp\/v2\/comments?post=755"}],"version-history":[{"count":8,"href":"https:\/\/themediabees.pt\/en\/wp-json\/wp\/v2\/pages\/755\/revisions"}],"predecessor-version":[{"id":763,"href":"https:\/\/themediabees.pt\/en\/wp-json\/wp\/v2\/pages\/755\/revisions\/763"}],"wp:attachment":[{"href":"https:\/\/themediabees.pt\/en\/wp-json\/wp\/v2\/media?parent=755"}],"curies":[{"name":"wp","href":"https:\/\/api.w.org\/{rel}","templated":true}]}}