{"id":358,"date":"2025-07-30T14:44:46","date_gmt":"2025-07-30T14:44:46","guid":{"rendered":"https:\/\/themediabees.pt\/?page_id=358"},"modified":"2025-11-25T15:17:32","modified_gmt":"2025-11-25T15:17:32","slug":"contactos","status":"publish","type":"page","link":"https:\/\/themediabees.pt\/es\/contactos\/","title":{"rendered":"P\u00f3ngase en contacto con"},"content":{"rendered":"\t\t<div data-elementor-type=\"wp-page\" data-elementor-id=\"358\" class=\"elementor elementor-358\" data-elementor-post-type=\"page\">\n\t\t\t\t<div class=\"elementor-element elementor-element-046fce7 e-flex e-con-boxed e-con e-parent\" data-id=\"046fce7\" data-element_type=\"container\" data-e-type=\"container\" data-settings=\"{&quot;background_background&quot;:&quot;gradient&quot;}\">\n\t\t\t\t\t<div class=\"e-con-inner\">\n\t\t<div class=\"elementor-element elementor-element-a403eca e-con-full e-flex e-con e-child\" data-id=\"a403eca\" data-element_type=\"container\" data-e-type=\"container\" data-settings=\"{&quot;background_background&quot;:&quot;classic&quot;}\">\n\t\t<div class=\"elementor-element elementor-element-14eb896 e-con-full e-flex e-con e-child\" data-id=\"14eb896\" data-element_type=\"container\" data-e-type=\"container\">\n\t\t<div class=\"elementor-element elementor-element-1ce3b75 e-con-full e-flex e-con e-child\" data-id=\"1ce3b75\" data-element_type=\"container\" data-e-type=\"container\">\n\t\t<div class=\"elementor-element elementor-element-816c311 e-con-full e-flex e-con e-child\" data-id=\"816c311\" data-element_type=\"container\" data-e-type=\"container\">\n\t\t\t\t<div class=\"elementor-element elementor-element-947be41 elementor-widget elementor-widget-heading\" data-id=\"947be41\" data-element_type=\"widget\" data-e-type=\"widget\" data-widget_type=\"heading.default\">\n\t\t\t\t\t<h5 class=\"elementor-heading-title elementor-size-default\">Fala connosco:<\/h5>\t\t\t\t<\/div>\n\t\t\t\t<div class=\"elementor-element elementor-element-b6d36f4 elementor-widget__width-initial elementor-widget elementor-widget-heading\" data-id=\"b6d36f4\" data-element_type=\"widget\" data-e-type=\"widget\" data-widget_type=\"heading.default\">\n\t\t\t\t\t<h4 class=\"elementor-heading-title elementor-size-default\">Onde a tua vis\u00e3o encontra a a\u00e7\u00e3o. E o teu neg\u00f3cio, o pr\u00f3ximo n\u00edvel.<\/h4>\t\t\t\t<\/div>\n\t\t\t\t<div class=\"elementor-element elementor-element-586ae0f elementor-widget__width-initial elementor-widget elementor-widget-text-editor\" data-id=\"586ae0f\" data-element_type=\"widget\" data-e-type=\"widget\" data-widget_type=\"text-editor.default\">\n\t\t\t\t\t\t\t\t\t<p>O teu acesso direto \u00e0 estrat\u00e9gia. Preenche o formul\u00e1rio e conta-nos um pouco sobre o teu projeto, os teus desafios ou os teus objetivos.<\/p>\t\t\t\t\t\t\t\t<\/div>\n\t\t\t\t<\/div>\n\t\t\t\t<div class=\"elementor-element elementor-element-fbde784 elementor-position-left elementor-vertical-align-middle elementor-widget__width-initial elementor-hidden-tablet elementor-hidden-mobile elementor-widget elementor-widget-image-box\" data-id=\"fbde784\" data-element_type=\"widget\" data-e-type=\"widget\" data-widget_type=\"image-box.default\">\n\t\t\t\t\t<div class=\"elementor-image-box-wrapper\"><figure class=\"elementor-image-box-img\"><img fetchpriority=\"high\" decoding=\"async\" width=\"309\" height=\"294\" src=\"https:\/\/themediabees.pt\/wp-content\/uploads\/2025\/08\/img-andreia-contacto.webp\" class=\"attachment-full size-full wp-image-559\" alt=\"\" srcset=\"https:\/\/themediabees.pt\/wp-content\/uploads\/2025\/08\/img-andreia-contacto.webp 309w, https:\/\/themediabees.pt\/wp-content\/uploads\/2025\/08\/img-andreia-contacto-300x285.webp 300w\" sizes=\"(max-width: 309px) 100vw, 309px\" \/><\/figure><div class=\"elementor-image-box-content\"><p class=\"elementor-image-box-description\">Fale connosco agora e transforma o teu neg\u00f3cio!<\/p><\/div><\/div>\t\t\t\t<\/div>\n\t\t\t\t<\/div>\n\t\t<div class=\"elementor-element elementor-element-5314479 e-con-full e-flex e-con e-child\" data-id=\"5314479\" data-element_type=\"container\" data-e-type=\"container\">\n\t\t\t\t<div class=\"elementor-element elementor-element-e059029 elementor-button-align-stretch elementor-widget elementor-widget-form\" data-id=\"e059029\" data-element_type=\"widget\" data-e-type=\"widget\" data-settings=\"{&quot;step_next_label&quot;:&quot;Next&quot;,&quot;step_previous_label&quot;:&quot;Previous&quot;,&quot;button_width&quot;:&quot;100&quot;,&quot;step_type&quot;:&quot;number_text&quot;,&quot;step_icon_shape&quot;:&quot;circle&quot;}\" data-widget_type=\"form.default\">\n\t\t\t\t\t\t\t<form class=\"elementor-form\" method=\"post\" name=\"Contacto\" aria-label=\"Contacto\">\n\t\t\t<input type=\"hidden\" name=\"post_id\" value=\"358\"\/>\n\t\t\t<input type=\"hidden\" name=\"form_id\" value=\"e059029\"\/>\n\t\t\t<input type=\"hidden\" name=\"referer_title\" value=\"\" \/>\n\n\t\t\t\n\t\t\t<div class=\"elementor-form-fields-wrapper elementor-labels-above\">\n\t\t\t\t\t\t\t\t<div class=\"elementor-field-type-text elementor-field-group elementor-column elementor-field-group-name elementor-col-100 elementor-field-required\">\n\t\t\t\t\t\t\t\t\t\t\t\t<label for=\"form-field-name\" class=\"elementor-field-label\">\n\t\t\t\t\t\t\t\tNome completo*\t\t\t\t\t\t\t<\/label>\n\t\t\t\t\t\t\t\t\t\t\t\t\t\t<input size=\"1\" type=\"text\" name=\"form_fields[name]\" id=\"form-field-name\" class=\"elementor-field elementor-size-sm  elementor-field-textual\" placeholder=\"Seu nome\" required=\"required\">\n\t\t\t\t\t\t\t\t\t\t\t<\/div>\n\t\t\t\t\t\t\t\t<div class=\"elementor-field-type-email elementor-field-group elementor-column elementor-field-group-email elementor-col-100 elementor-field-required\">\n\t\t\t\t\t\t\t\t\t\t\t\t<label for=\"form-field-email\" class=\"elementor-field-label\">\n\t\t\t\t\t\t\t\tSeu melhor email aqui*\t\t\t\t\t\t\t<\/label>\n\t\t\t\t\t\t\t\t\t\t\t\t\t\t<input size=\"1\" type=\"email\" name=\"form_fields[email]\" id=\"form-field-email\" class=\"elementor-field elementor-size-sm  elementor-field-textual\" placeholder=\"Digite seu email\" required=\"required\">\n\t\t\t\t\t\t\t\t\t\t\t<\/div>\n\t\t\t\t\t\t\t\t<div class=\"elementor-field-type-text elementor-field-group elementor-column elementor-field-group-telefone elementor-col-50 elementor-field-required\">\n\t\t\t\t\t\t\t\t\t\t\t\t<label for=\"form-field-telefone\" class=\"elementor-field-label\">\n\t\t\t\t\t\t\t\tTelefone + DDD*\t\t\t\t\t\t\t<\/label>\n\t\t\t\t\t\t\t\t\t\t\t\t\t\t<input size=\"1\" type=\"text\" name=\"form_fields[telefone]\" id=\"form-field-telefone\" class=\"elementor-field elementor-size-sm  elementor-field-textual\" placeholder=\"(351) 99999-9999\" required=\"required\">\n\t\t\t\t\t\t\t\t\t\t\t<\/div>\n\t\t\t\t\t\t\t\t<div class=\"elementor-field-type-select elementor-field-group elementor-column elementor-field-group-field_eb9afee elementor-col-50 elementor-field-required\">\n\t\t\t\t\t\t\t\t\t\t\t\t<label for=\"form-field-field_eb9afee\" class=\"elementor-field-label\">\n\t\t\t\t\t\t\t\tTipo de servi\u00e7os*\t\t\t\t\t\t\t<\/label>\n\t\t\t\t\t\t\t\t<div class=\"elementor-field elementor-select-wrapper remove-before \">\n\t\t\t<div class=\"select-caret-down-wrapper\">\n\t\t\t\t<svg aria-hidden=\"true\" class=\"e-font-icon-svg e-eicon-caret-down\" viewBox=\"0 0 571.4 571.4\" xmlns=\"http:\/\/www.w3.org\/2000\/svg\"><path d=\"M571 393Q571 407 561 418L311 668Q300 679 286 679T261 668L11 418Q0 407 0 393T11 368 36 357H536Q550 357 561 368T571 393Z\"><\/path><\/svg>\t\t\t<\/div>\n\t\t\t<select name=\"form_fields[field_eb9afee]\" id=\"form-field-field_eb9afee\" class=\"elementor-field-textual elementor-size-sm\" required=\"required\">\n\t\t\t\t\t\t\t\t\t<option value=\"Website\">Website<\/option>\n\t\t\t\t\t\t\t\t\t<option value=\"Redes Sociais\">Redes Sociais<\/option>\n\t\t\t\t\t\t\t\t\t<option value=\"Branding\">Branding<\/option>\n\t\t\t\t\t\t\t\t\t<option value=\"\"><\/option>\n\t\t\t\t\t\t\t<\/select>\n\t\t<\/div>\n\t\t\t\t\t\t<\/div>\n\t\t\t\t\t\t\t\t<div class=\"elementor-field-type-textarea elementor-field-group elementor-column elementor-field-group-field_38763a0 elementor-col-100\">\n\t\t\t\t\t\t\t\t\t\t\t\t<label for=\"form-field-field_38763a0\" class=\"elementor-field-label\">\n\t\t\t\t\t\t\t\tAqui, como podemos ajudar?\t\t\t\t\t\t\t<\/label>\n\t\t\t\t\t\t<textarea class=\"elementor-field-textual elementor-field  elementor-size-sm\" name=\"form_fields[field_38763a0]\" id=\"form-field-field_38763a0\" rows=\"4\" placeholder=\"Escreva tua mensagem \"><\/textarea>\t\t\t\t<\/div>\n\t\t\t\t\t\t\t\t<div class=\"elementor-field-group elementor-column elementor-field-type-submit elementor-col-100 e-form__buttons\">\n\t\t\t\t\t<button class=\"elementor-button elementor-size-sm\" type=\"submit\">\n\t\t\t\t\t\t<span class=\"elementor-button-content-wrapper\">\n\t\t\t\t\t\t\t\t\t\t\t\t\t\t\t\t\t\t\t\t\t\t<span class=\"elementor-button-text\">Fala connosco<\/span>\n\t\t\t\t\t\t\t\t\t\t\t\t\t<\/span>\n\t\t\t\t\t<\/button>\n\t\t\t\t<\/div>\n\t\t\t<\/div>\n\t\t<\/form>\n\t\t\t\t\t\t<\/div>\n\t\t\t\t<\/div>\n\t\t\t\t<\/div>\n\t\t\t\t<\/div>\n\t\t\t\t\t<\/div>\n\t\t\t\t<\/div>\n\t\t<div class=\"elementor-element elementor-element-e4da373 e-flex e-con-boxed e-con e-parent\" data-id=\"e4da373\" data-element_type=\"container\" data-e-type=\"container\">\n\t\t\t\t\t<div class=\"e-con-inner\">\n\t\t<div class=\"elementor-element elementor-element-51f1a61 e-con-full e-flex e-con e-child\" data-id=\"51f1a61\" data-element_type=\"container\" data-e-type=\"container\">\n\t\t\t\t<div class=\"elementor-element elementor-element-e7a88aa elementor-widget elementor-widget-image\" data-id=\"e7a88aa\" data-element_type=\"widget\" data-e-type=\"widget\" data-widget_type=\"image.default\">\n\t\t\t\t\t\t\t\t\t\t\t\t\t\t\t<img decoding=\"async\" width=\"64\" height=\"64\" src=\"https:\/\/themediabees.pt\/wp-content\/uploads\/2025\/07\/icon-sobre.svg\" class=\"attachment-full size-full wp-image-321\" alt=\"\" \/>\t\t\t\t\t\t\t\t\t\t\t\t\t\t\t<\/div>\n\t\t\t\t<div class=\"elementor-element elementor-element-3e48471 elementor-widget__width-initial elementor-widget elementor-widget-heading\" data-id=\"3e48471\" data-element_type=\"widget\" data-e-type=\"widget\" data-widget_type=\"heading.default\">\n\t\t\t\t\t<h1 class=\"elementor-heading-title elementor-size-default\">Uma ag\u00eancia de branding com vis\u00e3o de futuro e os p\u00e9s bem assentes na estrat\u00e9gia. Cada pessoa aqui tem uma especialidade \u2014 mas trabalhamos como  <span class=\"tag2\">um s\u00f3 organismo, com o mesmo foco: fazer a tua marca crescer com consist\u00eancia.<\/span>\n<\/h1>\t\t\t\t<\/div>\n\t\t\t\t<div class=\"elementor-element elementor-element-8c970aa elementor-position-left elementor-vertical-align-middle elementor-vertical-align-top elementor-widget elementor-widget-image-box\" data-id=\"8c970aa\" data-element_type=\"widget\" data-e-type=\"widget\" data-widget_type=\"image-box.default\">\n\t\t\t\t\t<div class=\"elementor-image-box-wrapper\"><figure class=\"elementor-image-box-img\"><img decoding=\"async\" width=\"171\" height=\"171\" src=\"https:\/\/themediabees.pt\/wp-content\/uploads\/2025\/07\/selo-andreia.webp\" class=\"attachment-full size-full wp-image-322\" alt=\"\" srcset=\"https:\/\/themediabees.pt\/wp-content\/uploads\/2025\/07\/selo-andreia.webp 171w, https:\/\/themediabees.pt\/wp-content\/uploads\/2025\/07\/selo-andreia-150x150.webp 150w\" sizes=\"(max-width: 171px) 100vw, 171px\" \/><\/figure><div class=\"elementor-image-box-content\"><h3 class=\"elementor-image-box-title\">Andreia Ramos<\/h3><p class=\"elementor-image-box-description\">Fundadora TMB<\/p><\/div><\/div>\t\t\t\t<\/div>\n\t\t\t\t<\/div>\n\t\t\t\t\t<\/div>\n\t\t\t\t<\/div>\n\t\t\t\t<\/div>\n\t\t","protected":false},"excerpt":{"rendered":"<p>Fala connosco: Onde a tua vis\u00e3o encontra a a\u00e7\u00e3o. E o teu neg\u00f3cio, o pr\u00f3ximo n\u00edvel. O teu acesso direto \u00e0 estrat\u00e9gia. Preenche o formul\u00e1rio e conta-nos um pouco sobre o teu projeto, os teus desafios ou os teus objetivos. Fale connosco agora e transforma o teu neg\u00f3cio! Uma ag\u00eancia de branding com vis\u00e3o de [&hellip;]<\/p>\n","protected":false},"author":1,"featured_media":0,"parent":0,"menu_order":0,"comment_status":"closed","ping_status":"closed","template":"elementor_header_footer","meta":{"inline_featured_image":false,"footnotes":""},"class_list":["post-358","page","type-page","status-publish","hentry"],"_links":{"self":[{"href":"https:\/\/themediabees.pt\/es\/wp-json\/wp\/v2\/pages\/358","targetHints":{"allow":["GET"]}}],"collection":[{"href":"https:\/\/themediabees.pt\/es\/wp-json\/wp\/v2\/pages"}],"about":[{"href":"https:\/\/themediabees.pt\/es\/wp-json\/wp\/v2\/types\/page"}],"author":[{"embeddable":true,"href":"https:\/\/themediabees.pt\/es\/wp-json\/wp\/v2\/users\/1"}],"replies":[{"embeddable":true,"href":"https:\/\/themediabees.pt\/es\/wp-json\/wp\/v2\/comments?post=358"}],"version-history":[{"count":52,"href":"https:\/\/themediabees.pt\/es\/wp-json\/wp\/v2\/pages\/358\/revisions"}],"predecessor-version":[{"id":1312,"href":"https:\/\/themediabees.pt\/es\/wp-json\/wp\/v2\/pages\/358\/revisions\/1312"}],"wp:attachment":[{"href":"https:\/\/themediabees.pt\/es\/wp-json\/wp\/v2\/media?parent=358"}],"curies":[{"name":"wp","href":"https:\/\/api.w.org\/{rel}","templated":true}]}}