{"id":755,"date":"2025-08-07T17:46:26","date_gmt":"2025-08-07T17:46:26","guid":{"rendered":"https:\/\/themediabees.pt\/?page_id=755"},"modified":"2025-09-09T14:20:07","modified_gmt":"2025-09-09T14:20:07","slug":"politica-de-cookies","status":"publish","type":"page","link":"https:\/\/themediabees.pt\/es\/politica-de-cookies\/","title":{"rendered":"Pol\u00edtica de cookies"},"content":{"rendered":"<div data-elementor-type=\"wp-page\" data-elementor-id=\"755\" class=\"elementor elementor-755\" data-elementor-post-type=\"page\">\n\t\t\t\t<div class=\"elementor-element elementor-element-77b91e5 e-flex e-con-boxed e-con e-parent\" data-id=\"77b91e5\" data-element_type=\"container\" data-e-type=\"container\">\n\t\t\t\t\t<div class=\"e-con-inner\">\n\t\t<div class=\"elementor-element elementor-element-bc37d0f e-con-full e-flex e-con e-child\" data-id=\"bc37d0f\" data-element_type=\"container\" data-e-type=\"container\">\n\t\t\t\t<div class=\"elementor-element elementor-element-256626d elementor-widget elementor-widget-heading\" data-id=\"256626d\" data-element_type=\"widget\" data-e-type=\"widget\" data-widget_type=\"heading.default\">\n\t\t\t\t\t<h3 class=\"elementor-heading-title elementor-size-default\">Pol\u00edtica de cookies<\/h3>\t\t\t\t<\/div>\n\t\t\t\t<div class=\"elementor-element elementor-element-df57aad elementor-widget elementor-widget-text-editor\" data-id=\"df57aad\" data-element_type=\"widget\" data-e-type=\"widget\" data-widget_type=\"text-editor.default\">\n\t\t\t\t\t\t\t\t\t<p data-start=\"0\" data-end=\"23\"><strong data-start=\"0\" data-end=\"23\">Pol\u00edtica de cookies<\/strong><\/p><p data-start=\"25\" data-end=\"249\">La marca <strong data-start=\"33\" data-end=\"51\">Las abejas de los medios de comunicaci\u00f3n<\/strong>operados por la empresa <strong data-start=\"74\" data-end=\"105\">Abelhinhas do Digital, Lda.<\/strong>, con domicilio social en Estrada da Penha, n\u00ba 150C, 8005-138 Faro, Portugal (NIF 516 691 775), utiliza cookies en su sitio web <strong data-start=\"220\" data-end=\"243\"><a class=\"\" href=\"https:\/\/themediabees.pt\/es\/\" target=\"_new\" rel=\"noopener\" data-start=\"222\" data-end=\"241\">www.themediabees.pt<\/a><\/strong> a:<\/p><ul data-start=\"251\" data-end=\"377\"><li data-start=\"251\" data-end=\"291\"><p data-start=\"253\" data-end=\"291\">Mejorar la experiencia del usuario<\/p><\/li><li data-start=\"292\" data-end=\"325\"><p data-start=\"294\" data-end=\"325\">An\u00e1lisis de las pautas de navegaci\u00f3n<\/p><\/li><li data-start=\"326\" data-end=\"377\"><p data-start=\"328\" data-end=\"377\">Garantizar el buen funcionamiento de la plataforma<\/p><\/li><\/ul><hr data-start=\"379\" data-end=\"382\" \/><p data-start=\"384\" data-end=\"411\">1. \u00bfQu\u00e9 son las cookies?<\/p><p data-start=\"412\" data-end=\"567\">Las cookies son peque\u00f1os archivos de texto que los sitios web colocan en el dispositivo del usuario (ordenador, smartphone o tableta) cuando lo visita. Permiten:<\/p><ul data-start=\"569\" data-end=\"658\"><li data-start=\"569\" data-end=\"615\"><p data-start=\"571\" data-end=\"615\">Reconocer al usuario en una futura visita<\/p><\/li><li data-start=\"616\" data-end=\"658\"><p data-start=\"618\" data-end=\"658\">Recopilar informaci\u00f3n de navegaci\u00f3n<\/p><\/li><\/ul><hr data-start=\"660\" data-end=\"663\" \/><p data-start=\"665\" data-end=\"697\">2. Prop\u00f3sitos de las cookies<\/p><p data-start=\"698\" data-end=\"722\">Utilizamos cookies para:<\/p><ol data-start=\"724\" data-end=\"1302\"><li data-start=\"724\" data-end=\"844\"><p data-start=\"727\" data-end=\"844\"><strong data-start=\"727\" data-end=\"755\">Funcionamiento del sitio web<\/strong><br data-start=\"755\" data-end=\"758\" \/>Garantizar la carga y el funcionamiento eficaces de las p\u00e1ginas y funcionalidades.<\/p><\/li><li data-start=\"845\" data-end=\"938\"><p data-start=\"848\" data-end=\"938\"><strong data-start=\"848\" data-end=\"878\">Preferencias del usuario<\/strong><br data-start=\"878\" data-end=\"881\" \/>Memorice opciones como el idioma, la ubicaci\u00f3n o el dise\u00f1o.<\/p><\/li><li data-start=\"939\" data-end=\"1072\"><p data-start=\"942\" data-end=\"1072\"><strong data-start=\"942\" data-end=\"977\">Datos estad\u00edsticos y resultados<\/strong><br data-start=\"977\" data-end=\"980\" \/>Recopilar informaci\u00f3n an\u00f3nima sobre visitas, p\u00e1ginas m\u00e1s vistas, tiempo de sesi\u00f3n, etc.<\/p><\/li><li data-start=\"1073\" data-end=\"1194\"><p data-start=\"1076\" data-end=\"1194\"><strong data-start=\"1076\" data-end=\"1118\">Personalizaci\u00f3n de contenidos y anuncios<\/strong><br data-start=\"1118\" data-end=\"1121\" \/>Adaptar el contenido y, en su caso, sugerir anuncios pertinentes.<\/p><\/li><li data-start=\"1195\" data-end=\"1302\"><p data-start=\"1198\" data-end=\"1302\"><strong data-start=\"1198\" data-end=\"1219\">Mejora continua<\/strong><br data-start=\"1219\" data-end=\"1222\" \/>Optimice los servicios y funcionalidades en funci\u00f3n del comportamiento de navegaci\u00f3n.<\/p><\/li><\/ol><hr data-start=\"1304\" data-end=\"1307\" \/><p data-start=\"1309\" data-end=\"1345\">3. Tipos de cookies utilizadas<\/p><div class=\"_tableWrapper_16hzy_14 group flex w-fit flex-col-reverse\" tabindex=\"-1\"><table class=\"w-fit min-w-(--thread-content-width)\" data-start=\"1347\" data-end=\"2164\"><thead data-start=\"1347\" data-end=\"1483\"><tr data-start=\"1347\" data-end=\"1483\"><th data-start=\"1347\" data-end=\"1380\" data-col-size=\"sm\"><strong data-start=\"1349\" data-end=\"1362\">Categor\u00eda<\/strong><\/th><th data-start=\"1380\" data-end=\"1483\" data-col-size=\"md\"><strong data-start=\"1382\" data-end=\"1395\">Descripci\u00f3n<\/strong><\/th><\/tr><\/thead><tbody data-start=\"1621\" data-end=\"2164\"><tr data-start=\"1621\" data-end=\"1756\"><td data-start=\"1621\" data-end=\"1654\" data-col-size=\"sm\"><strong data-start=\"1623\" data-end=\"1651\">Estrictamente necesario<\/strong><\/td><td data-start=\"1654\" data-end=\"1756\" data-col-size=\"md\">Esencial para el funcionamiento del sitio web y sus funcionalidades b\u00e1sicas.<\/td><\/tr><tr data-start=\"1757\" data-end=\"1892\"><td data-start=\"1757\" data-end=\"1790\" data-col-size=\"sm\"><strong data-start=\"1759\" data-end=\"1773\">Anal\u00edtica<\/strong><\/td><td data-start=\"1790\" data-end=\"1892\" data-col-size=\"md\">Permiten analizar el uso que hacen los usuarios del sitio (Google Analytics, etc.).<\/td><\/tr><tr data-start=\"1893\" data-end=\"2028\"><td data-start=\"1893\" data-end=\"1926\" data-col-size=\"sm\"><strong data-start=\"1895\" data-end=\"1909\">Funcional<\/strong><\/td><td data-start=\"1926\" data-end=\"2028\" data-col-size=\"md\">Almacenan informaci\u00f3n sobre preferencias (vol\u00famenes de v\u00eddeo, ajustes de idioma, etc.).<\/td><\/tr><tr data-start=\"2029\" data-end=\"2164\"><td data-start=\"2029\" data-end=\"2062\" data-col-size=\"sm\"><strong data-start=\"2031\" data-end=\"2047\">De terceros<\/strong><\/td><td data-start=\"2062\" data-end=\"2164\" data-col-size=\"md\">Definidos por servicios externos (por ejemplo, Google Analytics, Facebook Pixel, YouTube, etc.).<\/td><\/tr><\/tbody><\/table><div class=\"sticky end-(--thread-content-margin) h-0 self-end select-none\"><div class=\"absolute end-0 flex items-end\">\u00a0<\/div><\/div><\/div><hr data-start=\"2166\" data-end=\"2169\" \/><p data-start=\"2171\" data-end=\"2211\">4. C\u00f3mo gestionar o desactivar las cookies<\/p><p data-start=\"2212\" data-end=\"2414\">Puede configurar su navegador para que bloquee o elimine las cookies. Tenga en cuenta que, sin cookies, es posible que algunas funciones del sitio web dejen de estar disponibles o no funcionen correctamente.<\/p><ul data-start=\"2416\" data-end=\"2915\"><li data-start=\"2416\" data-end=\"2568\"><p data-start=\"2418\" data-end=\"2437\"><strong data-start=\"2418\" data-end=\"2435\">Google Chrome<\/strong><\/p><ol data-start=\"2440\" data-end=\"2568\"><li data-start=\"2440\" data-end=\"2468\"><p data-start=\"2443\" data-end=\"2468\">Men\u00fa \u22ee &gt; <strong data-start=\"2452\" data-end=\"2466\">Definiciones<\/strong><\/p><\/li><li data-start=\"2471\" data-end=\"2536\"><p data-start=\"2474\" data-end=\"2536\">Privacidad y seguridad &gt; <strong data-start=\"2500\" data-end=\"2534\">Cookies y otros datos del sitio<\/strong><\/p><\/li><li data-start=\"2539\" data-end=\"2568\"><p data-start=\"2542\" data-end=\"2568\">Gestionar y eliminar cookies<\/p><\/li><\/ol><\/li><li data-start=\"2570\" data-end=\"2701\"><p data-start=\"2572\" data-end=\"2593\"><strong data-start=\"2572\" data-end=\"2591\">Mozilla Firefox<\/strong><\/p><ol data-start=\"2596\" data-end=\"2701\"><li data-start=\"2596\" data-end=\"2615\"><p data-start=\"2599\" data-end=\"2615\">\u2630 &gt; <strong data-start=\"2603\" data-end=\"2613\">Opciones<\/strong><\/p><\/li><li data-start=\"2618\" data-end=\"2677\"><p data-start=\"2621\" data-end=\"2677\">Privacidad y seguridad &gt; <strong data-start=\"2647\" data-end=\"2675\">Cookies y datos del sitio web<\/strong><\/p><\/li><li data-start=\"2680\" data-end=\"2701\"><p data-start=\"2683\" data-end=\"2701\">Gestionar permisos<\/p><\/li><\/ol><\/li><li data-start=\"2703\" data-end=\"2798\"><p data-start=\"2705\" data-end=\"2717\"><strong data-start=\"2705\" data-end=\"2715\">Safari<\/strong><\/p><ol data-start=\"2720\" data-end=\"2798\"><li data-start=\"2720\" data-end=\"2750\"><p data-start=\"2723\" data-end=\"2750\">Safari &gt; <strong data-start=\"2732\" data-end=\"2748\">Preferencias<\/strong><\/p><\/li><li data-start=\"2753\" data-end=\"2798\"><p data-start=\"2756\" data-end=\"2798\">Privacidad &gt; <strong data-start=\"2770\" data-end=\"2796\">Gestionar los datos del sitio web<\/strong><\/p><\/li><\/ol><\/li><li data-start=\"2800\" data-end=\"2915\"><p data-start=\"2802\" data-end=\"2822\"><strong data-start=\"2802\" data-end=\"2820\">Microsoft Edge<\/strong><\/p><ol data-start=\"2825\" data-end=\"2915\"><li data-start=\"2825\" data-end=\"2848\"><p data-start=\"2828\" data-end=\"2848\">\u22ef &gt; <strong data-start=\"2832\" data-end=\"2846\">Definiciones<\/strong><\/p><\/li><li data-start=\"2851\" data-end=\"2915\"><p data-start=\"2854\" data-end=\"2915\">Cookies y permisos del sitio &gt; <strong data-start=\"2885\" data-end=\"2913\">Gestionar y eliminar cookies<\/strong><\/p><\/li><\/ol><\/li><\/ul><p data-start=\"2917\" data-end=\"2998\"><em data-start=\"2917\" data-end=\"2998\">(Para obtener instrucciones detalladas, consulte la documentaci\u00f3n oficial de su navegador).<\/em><\/p><hr data-start=\"3000\" data-end=\"3003\" \/><p data-start=\"3005\" data-end=\"3027\">5. Consentimiento<\/p><p data-start=\"3028\" data-end=\"3191\">Al continuar navegando por nuestro sitio web sin cambiar la configuraci\u00f3n de cookies en su navegador, usted acepta el uso de cookies tal y como se describe en esta Pol\u00edtica.<\/p>\t\t\t\t\t\t\t\t<\/div>\n\t\t\t\t<\/div>\n\t\t\t\t\t<\/div>\n\t\t\t\t<\/div>\n\t\t\t\t<\/div>","protected":false},"excerpt":{"rendered":"<p>Pol\u00edtica de Cookies Pol\u00edtica de Cookies A marca The Media Bees, operada pela empresa Abelhinhas do Digital, Lda., com sede na Estrada da Penha, n\u00ba 150C, 8005-138 Faro, Portugal (NIF 516 691 775), utiliza cookies no seu website www.themediabees.pt para: Melhorar a experi\u00eancia do utilizador Analisar padr\u00f5es de navega\u00e7\u00e3o Garantir o funcionamento adequado da plataforma [&hellip;]<\/p>\n","protected":false},"author":1,"featured_media":0,"parent":0,"menu_order":0,"comment_status":"closed","ping_status":"closed","template":"elementor_header_footer","meta":{"inline_featured_image":false,"footnotes":""},"class_list":["post-755","page","type-page","status-publish","hentry"],"_links":{"self":[{"href":"https:\/\/themediabees.pt\/es\/wp-json\/wp\/v2\/pages\/755","targetHints":{"allow":["GET"]}}],"collection":[{"href":"https:\/\/themediabees.pt\/es\/wp-json\/wp\/v2\/pages"}],"about":[{"href":"https:\/\/themediabees.pt\/es\/wp-json\/wp\/v2\/types\/page"}],"author":[{"embeddable":true,"href":"https:\/\/themediabees.pt\/es\/wp-json\/wp\/v2\/users\/1"}],"replies":[{"embeddable":true,"href":"https:\/\/themediabees.pt\/es\/wp-json\/wp\/v2\/comments?post=755"}],"version-history":[{"count":8,"href":"https:\/\/themediabees.pt\/es\/wp-json\/wp\/v2\/pages\/755\/revisions"}],"predecessor-version":[{"id":763,"href":"https:\/\/themediabees.pt\/es\/wp-json\/wp\/v2\/pages\/755\/revisions\/763"}],"wp:attachment":[{"href":"https:\/\/themediabees.pt\/es\/wp-json\/wp\/v2\/media?parent=755"}],"curies":[{"name":"wp","href":"https:\/\/api.w.org\/{rel}","templated":true}]}}